{"id":111,"date":"2025-01-10T15:47:56","date_gmt":"2025-01-10T15:47:56","guid":{"rendered":"https:\/\/bt-elektroplanung.ch\/wp\/?page_id=111"},"modified":"2025-01-16T12:05:53","modified_gmt":"2025-01-16T12:05:53","slug":"datenschutzerklarung","status":"publish","type":"page","link":"https:\/\/bt-elektroplanung.ch\/wp\/?page_id=111","title":{"rendered":"Datenschutzerkl\u00e4rung"},"content":{"rendered":"\n<h1 class=\"wp-block-heading has-small-font-size\"><\/h1>\n\n\n\n<p>Mit dieser Daten\u00adschutz\u00aderkl\u00e4rung informieren wir \u00fcber die Bearbeitung von Personen\u00addaten im Zusammen\u00adhang mit unseren Aktivit\u00e4ten und T\u00e4tigkeiten einschliesslich unserer Website unter dem Domain\u00adnamen bt-elektroplanung.ch. Wir informieren insbesondere, wof\u00fcr, wie und wo wir welche Personen\u00addaten bearbeiten. Wir informieren ausserdem \u00fcber die Rechte von Personen, deren Daten wir bearbeiten.<\/p>\n\n\n\n<p>F\u00fcr einzelne oder zus\u00e4tzliche Aktivit\u00e4ten und T\u00e4tigkeiten k\u00f6nnen wir weitere Daten\u00adschutzer\u00adkl\u00e4rungen oder sonstige Informationen zum Daten\u00adschutz ver\u00f6ffentlichen.<\/p>\n\n\n\n<h2 class=\"wp-block-heading\" id=\"kontaktadressen\">Kontakt\u00adadressen<\/h2>\n\n\n\n<p>Verantwortung f\u00fcr die Bearbeitung von Personendaten:<\/p>\n\n\n\n<p>BT Elektroplanung GmbH<br>Gandastrasse 18<br>7206 Igis<br>Schweiz<\/p>\n\n\n\n<p>thomas.baertsch@bt-elektroplanung.ch<\/p>\n\n\n\n<p>IDie Adresse unserer Website lautet: <\/p>\n\n\n\n<p>http:\/\/www.bt-elektroplanung.ch<\/p>\n\n\n\n<h4 class=\"wp-block-heading\">Diese personenbezogenen Daten sammeln wir und warum wir sie sammeln<\/h4>\n\n\n\n<h2 class=\"wp-block-heading\">Kommentare<\/h2>\n\n\n\n<p>Wenn Besucher Kommentare auf der Website schreiben, sammeln wir die Daten, die im Kommentar-Formular angezeigt werden, au\u00dferdem die IP-Adresse des Besuchers und den User-Agent-String (damit wird der Browser identifiziert), um die Erkennung von Spam zu unterst\u00fctzen.<\/p>\n\n\n\n<p>Aus Ihrer E-Mail-Adresse kann eine anonymisierte Zeichenfolge erstellt (auch Hash genannt) und dem Gravatar-Dienst \u00fcbergeben werden, um zu pr\u00fcfen, ob Sie diesen benutzen. Die Datenschutzerkl\u00e4rung des Gravatar-Dienstes finden Sie hier: https:\/\/automattic.com\/privacy\/. Nachdem Ihr Kommentar freigegeben wurde, ist Ihr Profilbild \u00f6ffentlich im Kontext Ihres Kommentars sichtbar.<\/p>\n\n\n\n<h2 class=\"wp-block-heading\">Kontaktformulare<\/h2>\n\n\n\n<p>\u00dcbermittelte Kontaktformulare f\u00fcr Anfragen werden \u2013 sobald diese beantwortet sind \u2013 unverz\u00fcglich gel\u00f6scht. Kontaktanfragen werden durch uns nicht f\u00fcr Marketing-Zwecke verwendet.<\/p>\n\n\n\n<p>Die Kontaktaufnahme \u00fcber diese Website begr\u00fcndet kein Mandatsverh\u00e4ltnis.<\/p>\n\n\n\n<h2 class=\"wp-block-heading\">Cookies<\/h2>\n\n\n\n<p>Wenn Sie einen Kommentar auf unserer Website schreiben, kann das eine Einwilligung sein, Ihren Namen, E-Mail-Adresse und Website in Cookies zu speichern. Dies ist eine Komfortfunktion, damit Sie nicht, wenn Sie einen weiteren Kommentar schreiben, all diese Daten erneut eingeben m\u00fcssen. Diese Cookies werden ein Jahr lang gespeichert.<\/p>\n\n\n\n<h2 class=\"wp-block-heading\">Eingebettete Inhalte von anderen Websites<\/h2>\n\n\n\n<p>Beitr\u00e4ge auf dieser Website k\u00f6nnen eingebettete Inhalte beinhalten (z. B. Videos, Bilder, Beitr\u00e4ge etc.). Eingebettete Inhalte von anderen Websites verhalten sich exakt so, als ob der Besucher die andere Website besucht h\u00e4tte.<\/p>\n\n\n\n<p>Diese Websites k\u00f6nnen Daten \u00fcber Sie sammeln, Cookies benutzen, zus\u00e4tzliche Tracking-Dienste von Dritten einbetten und Ihre Interaktion mit diesem eingebetteten Inhalt aufzeichnen, inklusive Ihrer Interaktion mit dem eingebetteten Inhalt, falls Sie ein Konto haben und auf dieser Website angemeldet sind.<\/p>\n\n\n\n<h4 class=\"wp-block-heading\">Analysedienste und Plugins<\/h4>\n\n\n\n<h2 class=\"wp-block-heading\">Datenschutzerkl\u00e4rung f\u00fcr die Nutzung von Google Analytics<\/h2>\n\n\n\n<p>Diese Website benutzt Google Analytics, einen Webanalysedienst der Google Inc. (\u201cGoogle\u201d). Google Analytics verwendet sog. \u201cCookies\u201d, Textdateien, die auf Ihrem Computer gespeichert werden und die eine Analyse der Benutzung der Website durch sie erm\u00f6glichen. Die durch den Cookie erzeugten Informationen \u00fcber Ihre Benutzung dieser Website werden in der Regel an einen Server von Google in den USA \u00fcbertragen und dort gespeichert. Im Falle der Aktivierung der IP-Anonymisierung auf dieser Webseite wird Ihre IP-Adresse von Google jedoch innerhalb von Mitgliedstaaten der Europ\u00e4ischen Union oder in anderen Vertragsstaaten des Abkommens \u00fcber den Europ\u00e4ischen Wirtschaftsraum zuvor gek\u00fcrzt.<\/p>\n\n\n\n<p>Nur in Ausnahmef\u00e4llen wird die volle IP-Adresse an einen Server von Google in den USA \u00fcbertragen und dort gek\u00fcrzt. Google wird diese Informationen benutzen, um Ihre Nutzung der Website auszuwerten, um Reports \u00fcber die Websiteaktivit\u00e4ten f\u00fcr die Websitebetreiber zusammenzustellen und um weitere mit der Websitenutzung und der Internetnutzung verbundene Dienstleistungen zu erbringen. Auch wird Google diese Informationen gegebenenfalls an Dritte \u00fcbertragen, sofern dies gesetzlich vorgeschrieben ist oder soweit Dritte diese Daten im Auftrag von Google verarbeiten. Die im Rahmen von Google Analytics von Ihrem Browser \u00fcbermittelte IP-Adresse wird nicht mit anderen Daten von Google zusammengef\u00fchrt.<\/p>\n\n\n\n<p>Sie k\u00f6nnen die Installation der Cookies durch eine entsprechende Einstellung Ihrer Browser Software verhindern; wir weisen Sie jedoch darauf hin, dass Sie in diesem Fall gegebenenfalls nicht s\u00e4mtliche Funktionen dieser Website voll umf\u00e4nglich nutzen k\u00f6nnen. Durch die Nutzung dieser Website erkl\u00e4ren Sie sich mit der Bearbeitung der \u00fcber Sie erhobenen Daten durch Google in der zuvor beschriebenen Art und Weise und zu dem zuvor benannten Zweck einverstanden.<\/p>\n\n\n\n<h4 class=\"wp-block-heading\">Mit wem wir Ihre Daten teilen<\/h4>\n\n\n\n<h2 class=\"wp-block-heading\">Speicherung der Daten<\/h2>\n\n\n\n<p>Wenn Sie einen Kommentar schreiben, wird dieser inklusive Metadaten zeitlich unbegrenzt gespeichert. Auf diese Art k\u00f6nnen wir Folgekommentare automatisch erkennen und freigeben, anstelle sie in einer Moderations-Warteschlange festzuhalten.<\/p>\n\n\n\n<p>F\u00fcr Benutzer, die sich auf unserer Website registrieren, speichern wir zus\u00e4tzlich die pers\u00f6nlichen Informationen, die sie in ihren Benutzerprofilen angeben. Alle Benutzer k\u00f6nnen jederzeit ihre pers\u00f6nlichen Informationen einsehen, ver\u00e4ndern oder l\u00f6schen (der Benutzername kann nicht ver\u00e4ndert werden). Administratoren der Website k\u00f6nnen diese Informationen ebenfalls einsehen und ver\u00e4ndern.<\/p>\n\n\n\n<h4 class=\"wp-block-heading\">Diese Rechte haben Sie an Ihren Daten<\/h4>\n\n\n\n<p>Wenn Sie ein Konto auf dieser Website besitzen oder Kommentare geschrieben haben, k\u00f6nnen Sie einen Export Ihrer personenbezogenen Daten bei uns anfordern, inklusive aller Daten, die Sie uns mitgeteilt haben. Dar\u00fcber hinaus k\u00f6nnen Sie die L\u00f6schung aller personenbezogenen Daten, die wir von Ihnen gespeichert haben, anfordern. Dies umfasst nicht die Daten, die wir aufgrund administrativer, rechtlicher oder sicherheitsrelevanter Notwendigkeiten aufbewahren m\u00fcssen.<\/p>\n\n\n\n<h4 class=\"wp-block-heading\">Wohin wir Ihre Daten senden<\/h4>\n\n\n\n<p>Besucher-Kommentare k\u00f6nnten von einem automatisierten Dienst zur Spam-Erkennung untersucht werden.<\/p>\n\n\n\n<h4 class=\"wp-block-heading\">Kontakt-Informationen<\/h4>\n\n\n\n<p>F\u00fcr Fragen zum Thema Datenschutz auf dieser Webseite oder wenn Sie Ihre personenbezogenen Daten bei uns anfordern m\u00f6chten, wenden Sie sich bitte per Mail an: &nbsp;thomas.baertsch@bt-elektroplanung.ch<\/p>\n\n\n\n<h4 class=\"wp-block-heading\">Wie wir Ihre Daten sch\u00fctzen<\/h4>\n\n\n\n<h2 class=\"wp-block-heading\">Datenschutz<\/h2>\n\n\n\n<p>Gest\u00fctzt auf Artikel 13 der schweizerischen Bundesverfassung und die datenschutzrechtlichen Bestimmungen des Bundes (Datenschutzgesetz, DSG) hat jede Person Anspruch auf Schutz ihrer Privatsph\u00e4re sowie auf Schutz vor Missbrauch ihrer pers\u00f6nlichen Daten. Wir halten diese Bestimmungen ein. Pers\u00f6nliche Daten werden streng vertraulich behandelt und weder an Dritte verkauft noch weitergegeben.<\/p>\n\n\n\n<p>In enger Zusammenarbeit mit unseren Hosting-Providern bem\u00fchen wir uns, die Datenbanken so gut wie m\u00f6glich vor fremden Zugriffen, Verlusten, Missbrauch oder vor F\u00e4lschung zu sch\u00fctzen.<\/p>\n\n\n\n<p>Beim Zugriff auf unsere Webseiten werden folgende Daten in Logfiles gespeichert: IP-Adresse, Datum, Uhrzeit, Browser-Anfrage und allg. \u00fcbertragene Informationen zum Betriebssystem resp. Browser. Diese Nutzungsdaten bilden die Basis f\u00fcr statistische, anonyme Auswertungen, so dass Trends erkennbar sind, anhand derer wir unsere Angebote entsprechend verbessern k\u00f6nnen.<\/p>\n\n\n\n<p>Der Schutz von personenbezogenen Daten liegt uns sehr am Herzen. Daher verwenden wir SSL-Technologie bei der \u00dcbermittlung s\u00e4mtlicher Daten.<\/p>\n\n\n\n<h4 class=\"wp-block-heading\">Haftungsausschluss<\/h4>\n\n\n\n<p>Der Autor \u00fcbernimmt keinerlei Gew\u00e4hr hinsichtlich der inhaltlichen Richtigkeit, Genauigkeit, Aktualit\u00e4t, Zuverl\u00e4ssigkeit und Vollst\u00e4ndigkeit der Informationen.<\/p>\n\n\n\n<p>Haftungsanspr\u00fcche gegen den Autor wegen Sch\u00e4den materieller oder immaterieller Art, welche aus dem Zugriff oder der Nutzung bzw. Nichtnutzung der ver\u00f6ffentlichten Informationen, durch Missbrauch der Verbindung oder durch technische St\u00f6rungen entstanden sind, werden ausgeschlossen. Jegliche Haftung f\u00fcr die Verletzung des Anwaltsgeheimnisses&nbsp; ist abgelehnt, soweit die Kommunikation auf dem E-Mail Weg stattgefunden hat.<\/p>\n\n\n\n<p>Alle Angebote sind unverbindlich. Der Autor beh\u00e4lt es sich ausdr\u00fccklich vor, Teile der Seiten oder das gesamte Angebot ohne gesonderte Ank\u00fcndigung zu ver\u00e4ndern, zu erg\u00e4nzen, zu l\u00f6schen oder die Ver\u00f6ffentlichung zeitweise oder endg\u00fcltig einzustellen.<\/p>\n\n\n\n<p>Der Inhalt dieser Website dient ausschliesslich Informationszwecken und darf nicht als verbindliche Rechtsauskunft zu bestimmten Themenbereichen aufgefasst werden.<\/p>\n\n\n\n<h4 class=\"wp-block-heading\">Haftung f\u00fcr Links<\/h4>\n\n\n\n<p>Verweise und Links auf Webseiten Dritter liegen ausserhalb unseres Verantwortungsbereichs Es wird jegliche Verantwortung f\u00fcr solche Webseiten abgelehnt. Der Zugriff und die Nutzung solcher Webseiten erfolgen auf eigene Gefahr des Nutzers oder der Nutzerin.<\/p>\n\n\n\n<h4 class=\"wp-block-heading\">Urheberrechte<\/h4>\n\n\n\n<p>Die Urheber- und alle anderen Rechte an Inhalten, Bildern, Fotos oder anderen Dateien auf der Website geh\u00f6ren ausschliesslich dem Betreiber dieser Webseite oder den speziell genannten Rechtsinhabern. F\u00fcr die Reproduktion jeglicher Elemente ist die schriftliche Zustimmung der Urheberrechtstr\u00e4ger im Voraus einzuholen.<\/p>\n","protected":false},"excerpt":{"rendered":"<p>Mit dieser Daten\u00adschutz\u00aderkl\u00e4rung informieren wir \u00fcber die Bearbeitung von Personen\u00addaten im Zusammen\u00adhang mit unseren Aktivit\u00e4ten und T\u00e4tigkeiten einschliesslich unserer Website unter dem Domain\u00adnamen bt-elektroplanung.ch. Wir informieren insbesondere, wof\u00fcr, wie und wo wir welche Personen\u00addaten bearbeiten. Wir informieren ausserdem \u00fcber die Rechte von Personen, deren Daten wir bearbeiten. F\u00fcr einzelne oder zus\u00e4tzliche Aktivit\u00e4ten und T\u00e4tigkeiten k\u00f6nnen [&hellip;]<\/p>\n","protected":false},"author":1,"featured_media":0,"parent":0,"menu_order":0,"comment_status":"closed","ping_status":"closed","template":"","meta":{"footnotes":""},"class_list":["post-111","page","type-page","status-publish","hentry"],"_links":{"self":[{"href":"https:\/\/bt-elektroplanung.ch\/wp\/index.php?rest_route=\/wp\/v2\/pages\/111","targetHints":{"allow":["GET"]}}],"collection":[{"href":"https:\/\/bt-elektroplanung.ch\/wp\/index.php?rest_route=\/wp\/v2\/pages"}],"about":[{"href":"https:\/\/bt-elektroplanung.ch\/wp\/index.php?rest_route=\/wp\/v2\/types\/page"}],"author":[{"embeddable":true,"href":"https:\/\/bt-elektroplanung.ch\/wp\/index.php?rest_route=\/wp\/v2\/users\/1"}],"replies":[{"embeddable":true,"href":"https:\/\/bt-elektroplanung.ch\/wp\/index.php?rest_route=%2Fwp%2Fv2%2Fcomments&post=111"}],"version-history":[{"count":12,"href":"https:\/\/bt-elektroplanung.ch\/wp\/index.php?rest_route=\/wp\/v2\/pages\/111\/revisions"}],"predecessor-version":[{"id":141,"href":"https:\/\/bt-elektroplanung.ch\/wp\/index.php?rest_route=\/wp\/v2\/pages\/111\/revisions\/141"}],"wp:attachment":[{"href":"https:\/\/bt-elektroplanung.ch\/wp\/index.php?rest_route=%2Fwp%2Fv2%2Fmedia&parent=111"}],"curies":[{"name":"wp","href":"https:\/\/api.w.org\/{rel}","templated":true}]}}